{"id":2903,"date":"2024-08-28T10:57:03","date_gmt":"2024-08-28T14:57:03","guid":{"rendered":"https:\/\/catalogue-tissushumains.hemaquebec.ca\/gestion-des-effets-indesirables\/"},"modified":"2025-07-08T14:45:56","modified_gmt":"2025-07-08T18:45:56","slug":"management-of-adverse-reactions","status":"publish","type":"page","link":"https:\/\/catalogue-tissushumains.wp.vortexdev.com\/en\/management-of-adverse-reactions\/","title":{"rendered":"Management of adverse reactions"},"content":{"rendered":"\n<p>The Minist\u00e8re de la Sant\u00e9 et des Services sociaux (MSSS) and its Direction des laboratoires et de l\u2019imagerie m\u00e9dicale have entrusted H\u00e9ma-Qu\u00e9bec with the task of monitoring the adverse reactions of human tissue transplants. This centralized monitoring covers all human tissue, whether provided by H\u00e9ma-Qu\u00e9bec or another supplier, as stated in the letter sent by MSSS to the executive directors and directors of professional services of health institutions on February 19, 2013.<\/p>\n\n\n\n<p>Any report of a failure, accident or adverse reaction must be made by an individual authorized by the health care facility. This can be the transplanting physician, an individual in charge of post-transplant follow-up, a nurse or someone who has been assigned to the task. It is important that the institution\u2019s designated individual coordinate the identification of adverse reactions and inform any health care personnel doing post-transplant follow-up about the reporting process.&nbsp;<\/p>\n\n\n\n<p><strong>If you have an adverse reactions to report, immediately call H\u00e9ma-Qu\u00e9bec at 1-800-267-9711, ext.\u00a02510.<\/strong> H\u00e9ma-Qu\u00e9bec will help the designated individual assess and investigate the situation and will ensure that the information is shared with MSSS and the Public Health Agency of Canada.\u00a0<\/p>\n\n\n\n<div class=\"wp-block-buttons is-layout-flex wp-block-buttons-is-layout-flex\">\n<div class=\"wp-block-button\"><a class=\"wp-block-button__link wp-element-button\" href=\"https:\/\/catalogue-tissushumains.hemaquebec.ca\/wp-content\/uploads\/2025\/07\/Guide-Evenements-Indesirables-HQ-2025_FR.pdf\" target=\"_blank\" rel=\"noreferrer noopener nofollow\">Download the Adverse Reactions Guide (French only)<\/a><\/div>\n<\/div>\n","protected":false},"excerpt":{"rendered":"<p>The Minist\u00e8re de la Sant\u00e9 et des Services sociaux (MSSS) and its Direction des laboratoires et de l\u2019imagerie m\u00e9dicale have entrusted H\u00e9ma-Qu\u00e9bec with the task of monitoring the adverse reactions of human tissue transplants. This centralized monitoring covers all human tissue, whether provided by H\u00e9ma-Qu\u00e9bec or another supplier, as stated in the letter sent by&hellip;<\/p>\n","protected":false},"author":1,"featured_media":0,"parent":0,"menu_order":3,"comment_status":"closed","ping_status":"closed","template":"","meta":{"_acf_changed":false,"_relevanssi_hide_post":"","_relevanssi_hide_content":"","_relevanssi_pin_for_all":"","_relevanssi_pin_keywords":"","_relevanssi_unpin_keywords":"","_relevanssi_related_keywords":"","_relevanssi_related_include_ids":"","_relevanssi_related_exclude_ids":"","_relevanssi_related_no_append":"","_relevanssi_related_not_related":"","_relevanssi_related_posts":"2621,2653,2651,2649,2647,2645","_relevanssi_noindex_reason":"","footnotes":""},"class_list":["post-2903","page","type-page","status-publish","hentry"],"acf":[],"_links":{"self":[{"href":"https:\/\/catalogue-tissushumains.wp.vortexdev.com\/en\/wp-json\/wp\/v2\/pages\/2903","targetHints":{"allow":["GET"]}}],"collection":[{"href":"https:\/\/catalogue-tissushumains.wp.vortexdev.com\/en\/wp-json\/wp\/v2\/pages"}],"about":[{"href":"https:\/\/catalogue-tissushumains.wp.vortexdev.com\/en\/wp-json\/wp\/v2\/types\/page"}],"author":[{"embeddable":true,"href":"https:\/\/catalogue-tissushumains.wp.vortexdev.com\/en\/wp-json\/wp\/v2\/users\/1"}],"replies":[{"embeddable":true,"href":"https:\/\/catalogue-tissushumains.wp.vortexdev.com\/en\/wp-json\/wp\/v2\/comments?post=2903"}],"version-history":[{"count":2,"href":"https:\/\/catalogue-tissushumains.wp.vortexdev.com\/en\/wp-json\/wp\/v2\/pages\/2903\/revisions"}],"predecessor-version":[{"id":20468,"href":"https:\/\/catalogue-tissushumains.wp.vortexdev.com\/en\/wp-json\/wp\/v2\/pages\/2903\/revisions\/20468"}],"wp:attachment":[{"href":"https:\/\/catalogue-tissushumains.wp.vortexdev.com\/en\/wp-json\/wp\/v2\/media?parent=2903"}],"curies":[{"name":"wp","href":"https:\/\/api.w.org\/{rel}","templated":true}]}}