{"id":2893,"date":"2024-09-23T13:22:45","date_gmt":"2024-09-23T17:22:45","guid":{"rendered":"https:\/\/catalogue-tissushumains.hemaquebec.ca\/plan-du-site\/"},"modified":"2024-09-23T16:14:48","modified_gmt":"2024-09-23T20:14:48","slug":"plan-du-site","status":"publish","type":"page","link":"https:\/\/catalogue-tissushumains.wp.vortexdev.com\/en\/plan-du-site\/","title":{"rendered":"Sitemap"},"content":{"rendered":"\n<div class=\"wp-block-columns is-layout-flex wp-container-core-columns-is-layout-28f84493 wp-block-columns-is-layout-flex\">\n<div class=\"wp-block-column is-layout-flow wp-block-column-is-layout-flow\"><div class=\"wsp-container\"><h2 class=\"wsp-pages-title\">Pages<\/h2>\n<ul class=\"wsp-pages-list\">\n<li class=\"page_item page-item-2845\"><a href=\"https:\/\/catalogue-tissushumains.wp.vortexdev.com\/en\/\">Home<\/a><\/li>\n<li class=\"page_item page-item-2895 page_item_has_children\"><a href=\"https:\/\/catalogue-tissushumains.wp.vortexdev.com\/en\/contact-us\/\">Contact us<\/a>\n<ul class='children'>\n\t<li class=\"page_item page-item-21223\"><a href=\"https:\/\/catalogue-tissushumains.wp.vortexdev.com\/en\/contact-us\/subscribe-to-our-mailing-list\/\">Subscribe to our mailing list!<\/a><\/li>\n<\/ul>\n<\/li>\n<li class=\"page_item page-item-245\"><a href=\"https:\/\/catalogue-tissushumains.wp.vortexdev.com\/en\/my-account\/\">My Account<\/a><\/li>\n<li class=\"page_item page-item-2893\"><a href=\"https:\/\/catalogue-tissushumains.wp.vortexdev.com\/en\/plan-du-site\/\">Sitemap<\/a><\/li>\n<li class=\"page_item page-item-2899 page_item_has_children\"><a href=\"https:\/\/catalogue-tissushumains.wp.vortexdev.com\/en\/about\/\">About<\/a>\n<ul class='children'>\n\t<li class=\"page_item page-item-2850\"><a href=\"https:\/\/catalogue-tissushumains.wp.vortexdev.com\/en\/about\/the-human-tissue-bank-history-and-role\/\">The Human Tissue Bank\u202f\u2013 History and role<\/a><\/li>\n\t<li class=\"page_item page-item-2852\"><a href=\"https:\/\/catalogue-tissushumains.wp.vortexdev.com\/en\/about\/sole-human-tissue-distributor-mandate\/\">Sole human tissue distributor mandate<\/a><\/li>\n\t<li class=\"page_item page-item-2854\"><a href=\"https:\/\/catalogue-tissushumains.wp.vortexdev.com\/en\/about\/certifications-and-licences\/\">Certifications and licences<\/a><\/li>\n<\/ul>\n<\/li>\n<li class=\"page_item page-item-2726 page_item_has_children\"><a href=\"https:\/\/catalogue-tissushumains.wp.vortexdev.com\/en\/product-catalog\/\">Product catalog<\/a>\n<ul class='children'>\n\t<li class=\"page_item page-item-2728 page_item_has_children\"><a href=\"https:\/\/catalogue-tissushumains.wp.vortexdev.com\/en\/product-catalog\/cardiac-allografts\/\">Cardiac Allografts<\/a>\n\t<ul class='children'>\n\t\t<li class=\"page_item page-item-2734\"><a href=\"https:\/\/catalogue-tissushumains.wp.vortexdev.com\/en\/product-catalog\/cardiac-allografts\/aortic-valves\/\">Aortic Valves<\/a><\/li>\n\t\t<li class=\"page_item page-item-2736\"><a href=\"https:\/\/catalogue-tissushumains.wp.vortexdev.com\/en\/product-catalog\/cardiac-allografts\/pulmonary-valves\/\">Pulmonary Valves<\/a><\/li>\n\t\t<li class=\"page_item page-item-2730\"><a href=\"https:\/\/catalogue-tissushumains.wp.vortexdev.com\/en\/product-catalog\/cardiac-allografts\/conduits\/\">Conduits<\/a><\/li>\n\t\t<li class=\"page_item page-item-2732\"><a href=\"https:\/\/catalogue-tissushumains.wp.vortexdev.com\/en\/product-catalog\/cardiac-allografts\/pulmonary-patches\/\">Pulmonary Patches<\/a><\/li>\n\t<\/ul>\n<\/li>\n\t<li class=\"page_item page-item-2738 page_item_has_children\"><a href=\"https:\/\/catalogue-tissushumains.wp.vortexdev.com\/en\/product-catalog\/vascular-allografts\/\">Vascular Allografts<\/a>\n\t<ul class='children'>\n\t\t<li class=\"page_item page-item-2740\"><a href=\"https:\/\/catalogue-tissushumains.wp.vortexdev.com\/en\/product-catalog\/vascular-allografts\/arteries\/\">Arteries<\/a><\/li>\n\t\t<li class=\"page_item page-item-2742\"><a href=\"https:\/\/catalogue-tissushumains.wp.vortexdev.com\/en\/product-catalog\/vascular-allografts\/veins\/\">Veins<\/a><\/li>\n\t<\/ul>\n<\/li>\n\t<li class=\"page_item page-item-2744 page_item_has_children\"><a href=\"https:\/\/catalogue-tissushumains.wp.vortexdev.com\/en\/product-catalog\/cutaneous-allografts\/\">Cutaneous Allografts<\/a>\n\t<ul class='children'>\n\t\t<li class=\"page_item page-item-2746\"><a href=\"https:\/\/catalogue-tissushumains.wp.vortexdev.com\/en\/product-catalog\/cutaneous-allografts\/superficial-skin-grafts\/\">Superficial Skin Grafts<\/a><\/li>\n\t\t<li class=\"page_item page-item-2748\"><a href=\"https:\/\/catalogue-tissushumains.wp.vortexdev.com\/en\/product-catalog\/cutaneous-allografts\/acellular-dermal-matrices\/\">Acellular Dermal Matrices<\/a><\/li>\n\t<\/ul>\n<\/li>\n\t<li class=\"page_item page-item-2750 page_item_has_children\"><a href=\"https:\/\/catalogue-tissushumains.wp.vortexdev.com\/en\/product-catalog\/bone-allografts\/\">Bone Allografts<\/a>\n\t<ul class='children'>\n\t\t<li class=\"page_item page-item-2754\"><a href=\"https:\/\/catalogue-tissushumains.wp.vortexdev.com\/en\/product-catalog\/bone-allografts\/massive-bones\/\">Massive Bones<\/a><\/li>\n\t\t<li class=\"page_item page-item-2756\"><a href=\"https:\/\/catalogue-tissushumains.wp.vortexdev.com\/en\/product-catalog\/bone-allografts\/cancellous-bones\/\">Cancellous Bones<\/a><\/li>\n\t\t<li class=\"page_item page-item-2752\"><a href=\"https:\/\/catalogue-tissushumains.wp.vortexdev.com\/en\/product-catalog\/bone-allografts\/cortical-cancellous\/\">Cortical-Cancellous<\/a><\/li>\n\t\t<li class=\"page_item page-item-2758\"><a href=\"https:\/\/catalogue-tissushumains.wp.vortexdev.com\/en\/product-catalog\/bone-allografts\/spacers\/\">Spacers<\/a><\/li>\n\t\t<li class=\"page_item page-item-2760\"><a href=\"https:\/\/catalogue-tissushumains.wp.vortexdev.com\/en\/product-catalog\/bone-allografts\/wedges\/\">Wedges<\/a><\/li>\n\t\t<li class=\"page_item page-item-2762\"><a href=\"https:\/\/catalogue-tissushumains.wp.vortexdev.com\/en\/product-catalog\/bone-allografts\/dowels\/\">Dowels<\/a><\/li>\n\t\t<li class=\"page_item page-item-2764\"><a href=\"https:\/\/catalogue-tissushumains.wp.vortexdev.com\/en\/product-catalog\/bone-allografts\/plugs\/\">Plugs<\/a><\/li>\n\t<\/ul>\n<\/li>\n\t<li class=\"page_item page-item-2766 page_item_has_children\"><a href=\"https:\/\/catalogue-tissushumains.wp.vortexdev.com\/en\/product-catalog\/demineralized-bone-matrices\/\">Demineralized Bone Matrices<\/a>\n\t<ul class='children'>\n\t\t<li class=\"page_item page-item-2768\"><a href=\"https:\/\/catalogue-tissushumains.wp.vortexdev.com\/en\/product-catalog\/demineralized-bone-matrices\/demineralized-sponges\/\">Demineralized Sponges<\/a><\/li>\n\t\t<li class=\"page_item page-item-2770\"><a href=\"https:\/\/catalogue-tissushumains.wp.vortexdev.com\/en\/product-catalog\/demineralized-bone-matrices\/demineralized-fibers\/\">Demineralized Fibers<\/a><\/li>\n\t\t<li class=\"page_item page-item-2772\"><a href=\"https:\/\/catalogue-tissushumains.wp.vortexdev.com\/en\/product-catalog\/demineralized-bone-matrices\/demineralized-cancellous-cortical-bones-chips\/\">Demineralized Cancellous &amp; Cortical Bones Chips<\/a><\/li>\n\t\t<li class=\"page_item page-item-2968\"><a href=\"https:\/\/catalogue-tissushumains.wp.vortexdev.com\/en\/product-catalog\/demineralized-bone-matrices\/dbm-pastes-et-gels\/\">DBM Pastes and Gels<\/a><\/li>\n\t<\/ul>\n<\/li>\n\t<li class=\"page_item page-item-2774 page_item_has_children\"><a href=\"https:\/\/catalogue-tissushumains.wp.vortexdev.com\/en\/product-catalog\/cartilage-allografts\/\">Cartilage Allografts<\/a>\n\t<ul class='children'>\n\t\t<li class=\"page_item page-item-2780\"><a href=\"https:\/\/catalogue-tissushumains.wp.vortexdev.com\/en\/product-catalog\/cartilage-allografts\/fresh-osteochondral\/\">Fresh osteochondral<\/a><\/li>\n\t\t<li class=\"page_item page-item-2778\"><a href=\"https:\/\/catalogue-tissushumains.wp.vortexdev.com\/en\/product-catalog\/cartilage-allografts\/frozen-osteochondral\/\">Frozen osteochondral<\/a><\/li>\n\t\t<li class=\"page_item page-item-2776\"><a href=\"https:\/\/catalogue-tissushumains.wp.vortexdev.com\/en\/product-catalog\/cartilage-allografts\/meniscus\/\">Meniscus<\/a><\/li>\n\t\t<li class=\"page_item page-item-2782\"><a href=\"https:\/\/catalogue-tissushumains.wp.vortexdev.com\/en\/product-catalog\/cartilage-allografts\/osteoarticular\/\">Osteoarticular<\/a><\/li>\n\t\t<li class=\"page_item page-item-2784\"><a href=\"https:\/\/catalogue-tissushumains.wp.vortexdev.com\/en\/product-catalog\/cartilage-allografts\/other-fresh-allografts\/\">Other Fresh Allografts<\/a><\/li>\n\t<\/ul>\n<\/li>\n\t<li class=\"page_item page-item-2786 page_item_has_children\"><a href=\"https:\/\/catalogue-tissushumains.wp.vortexdev.com\/en\/product-catalog\/soft-tissues\/\">Soft Tissues<\/a>\n\t<ul class='children'>\n\t\t<li class=\"page_item page-item-2794\"><a href=\"https:\/\/catalogue-tissushumains.wp.vortexdev.com\/en\/product-catalog\/soft-tissues\/tendons\/\">Tendons<\/a><\/li>\n\t\t<li class=\"page_item page-item-2788\"><a href=\"https:\/\/catalogue-tissushumains.wp.vortexdev.com\/en\/product-catalog\/soft-tissues\/amniotic-membranes\/\">Amniotic Membranes<\/a><\/li>\n\t\t<li class=\"page_item page-item-2790\"><a href=\"https:\/\/catalogue-tissushumains.wp.vortexdev.com\/en\/product-catalog\/soft-tissues\/membranes\/\">Membranes<\/a><\/li>\n\t\t<li class=\"page_item page-item-2792\"><a href=\"https:\/\/catalogue-tissushumains.wp.vortexdev.com\/en\/product-catalog\/soft-tissues\/nerves\/\">Nerves<\/a><\/li>\n\t<\/ul>\n<\/li>\n\t<li class=\"page_item page-item-2796 page_item_has_children\"><a href=\"https:\/\/catalogue-tissushumains.wp.vortexdev.com\/en\/product-catalog\/ocular-allografts\/\">Ocular Allografts<\/a>\n\t<ul class='children'>\n\t\t<li class=\"page_item page-item-2800\"><a href=\"https:\/\/catalogue-tissushumains.wp.vortexdev.com\/en\/product-catalog\/ocular-allografts\/corneas\/\">Corneas<\/a><\/li>\n\t\t<li class=\"page_item page-item-2798\"><a href=\"https:\/\/catalogue-tissushumains.wp.vortexdev.com\/en\/product-catalog\/ocular-allografts\/corneas-in-ethanol\/\">Corneas in Ethanol<\/a><\/li>\n\t\t<li class=\"page_item page-item-2802\"><a href=\"https:\/\/catalogue-tissushumains.wp.vortexdev.com\/en\/product-catalog\/ocular-allografts\/scleras\/\">Scleras<\/a><\/li>\n\t<\/ul>\n<\/li>\n\t<li class=\"page_item page-item-2804 page_item_has_children\"><a href=\"https:\/\/catalogue-tissushumains.wp.vortexdev.com\/en\/product-catalog\/maxillofacial-dental\/\">Maxillofacial &amp; Dental<\/a>\n\t<ul class='children'>\n\t\t<li class=\"page_item page-item-2806\"><a href=\"https:\/\/catalogue-tissushumains.wp.vortexdev.com\/en\/product-catalog\/maxillofacial-dental\/acellular-dermal-matrices\/\">Acellular Dermal Matrices<\/a><\/li>\n\t\t<li class=\"page_item page-item-2808\"><a href=\"https:\/\/catalogue-tissushumains.wp.vortexdev.com\/en\/product-catalog\/maxillofacial-dental\/demineralized-bone-matrices-2\/\">Demineralized Bone Matrices<\/a><\/li>\n\t\t<li class=\"page_item page-item-2811\"><a href=\"https:\/\/catalogue-tissushumains.wp.vortexdev.com\/en\/product-catalog\/maxillofacial-dental\/membranes\/\">Membranes<\/a><\/li>\n\t\t<li class=\"page_item page-item-2813\"><a href=\"https:\/\/catalogue-tissushumains.wp.vortexdev.com\/en\/product-catalog\/maxillofacial-dental\/cancellous-bones\/\">Cancellous &amp; Cortical Bones<\/a><\/li>\n\t\t<li class=\"page_item page-item-2815\"><a href=\"https:\/\/catalogue-tissushumains.wp.vortexdev.com\/en\/product-catalog\/maxillofacial-dental\/massive-bones-cartilages\/\">Massive Bones &amp; Cartilages<\/a><\/li>\n\t<\/ul>\n<\/li>\n<\/ul>\n<\/li>\n<li class=\"page_item page-item-2901\"><a href=\"https:\/\/catalogue-tissushumains.wp.vortexdev.com\/en\/terms-conditions\/\">Terms &amp; Conditions<\/a><\/li>\n<li class=\"page_item page-item-2903\"><a href=\"https:\/\/catalogue-tissushumains.wp.vortexdev.com\/en\/management-of-adverse-reactions\/\">Management of adverse reactions<\/a><\/li>\n<li class=\"page_item page-item-2905 page_item_has_children\"><a href=\"https:\/\/catalogue-tissushumains.wp.vortexdev.com\/en\/resources\/\">Resources<\/a>\n<ul class='children'>\n\t<li class=\"page_item page-item-2907\"><a href=\"https:\/\/catalogue-tissushumains.wp.vortexdev.com\/en\/resources\/hospital-service\/\">Hospital service<\/a><\/li>\n\t<li class=\"page_item page-item-2909\"><a href=\"https:\/\/catalogue-tissushumains.wp.vortexdev.com\/en\/resources\/informational-videos\/\">Informational videos<\/a><\/li>\n\t<li class=\"page_item page-item-2911\"><a href=\"https:\/\/catalogue-tissushumains.wp.vortexdev.com\/en\/resources\/communications\/\">Communications &amp; Updates<\/a><\/li>\n\t<li class=\"page_item page-item-2913\"><a href=\"https:\/\/catalogue-tissushumains.wp.vortexdev.com\/en\/resources\/faq\/\">FAQ<\/a><\/li>\n<\/ul>\n<\/li>\n<li class=\"page_item page-item-2858\"><a href=\"https:\/\/catalogue-tissushumains.wp.vortexdev.com\/en\/whats-new\/\">What\u2019s new<\/a><\/li>\n<\/ul>\n<\/div>\n<\/div>\n\n\n\n<div class=\"wp-block-column is-layout-flow wp-block-column-is-layout-flow\"><div class=\"wsp-container\"><h2 class=\"wsp-posts-title\">Posts by category<\/h2>\n<ul class=\"wsp-posts-list\">\n\t<li><strong class=\"wsp-category-title\"><a href=\"https:\/\/catalogue-tissushumains.wp.vortexdev.com\/en\/category\/communication\/\">Communication<\/a><\/strong>\n<ul class=\"wsp-posts-list\">\t\t<li class=\"wsp-post\"><a href=\"https:\/\/catalogue-tissushumains.wp.vortexdev.com\/en\/the-current-situation-year-end-review-and-essential-information-before-the-holidays\/\">The Current Situation : Year-end Review and Essential Information before the Holidays<\/a><\/li>\n\t\t<li class=\"wsp-post\"><a href=\"https:\/\/catalogue-tissushumains.wp.vortexdev.com\/en\/customer-service-holiday-2025\/\">Customer Service Holiday Hours &#8211; Weeks of December 22 &amp; 29, 2025<\/a><\/li>\n\t\t<li class=\"wsp-post\"><a href=\"https:\/\/catalogue-tissushumains.wp.vortexdev.com\/en\/update-ht\/\">Update on Human Tissue Services and Products<\/a><\/li>\n\t\t<li class=\"wsp-post\"><a href=\"https:\/\/catalogue-tissushumains.wp.vortexdev.com\/en\/return-policy-update-dowels\/\">Return Policy Update : Dowels<\/a><\/li>\n\t\t<li class=\"wsp-post\"><a href=\"https:\/\/catalogue-tissushumains.wp.vortexdev.com\/en\/the-current-situation-summer-2025\/\">The current situation : We are listening and Responding to Feedback from the Network<\/a><\/li>\n\t\t<li class=\"wsp-post\"><a href=\"https:\/\/catalogue-tissushumains.wp.vortexdev.com\/en\/guide-dbm\/\">DBM: Better understanding means better use!<\/a><\/li>\n\t\t<li class=\"wsp-post\"><a href=\"https:\/\/catalogue-tissushumains.wp.vortexdev.com\/en\/the-current-situation-update\/\">The current situation: Update on H\u00e9ma-Qu\u00e9bec\u2019s sole human tissue distributor mandate<\/a><\/li>\n\t\t<li class=\"wsp-post\"><a href=\"https:\/\/catalogue-tissushumains.wp.vortexdev.com\/en\/ht-satisfaction-survey-2025\/\">Customer Satisfaction Survey &#8211; Human Tissue<\/a><\/li>\n\t\t<li class=\"wsp-post\"><a href=\"https:\/\/catalogue-tissushumains.wp.vortexdev.com\/en\/info-sessions-dbm\/\">Information Sessions &#8211; Demineralized Bone Matrices (DBM)<\/a><\/li>\n\t\t<li class=\"wsp-post\"><a href=\"https:\/\/catalogue-tissushumains.wp.vortexdev.com\/en\/current-situation-entry-into-force-of-hema-quebecs-sole-human-tissue-distributor-mandate\/\">The current situation: Entry into force of H\u00e9ma-Qu\u00e9bec&#8217;s sole human tissue distributor mandate<\/a><\/li>\n\t\t<li class=\"wsp-post\"><a href=\"https:\/\/catalogue-tissushumains.wp.vortexdev.com\/en\/customer-service-holiday-hours\/\">Customer Service Holiday Hours<\/a><\/li>\n\t\t<li class=\"wsp-post\"><a href=\"https:\/\/catalogue-tissushumains.wp.vortexdev.com\/en\/sole-distributor-human-tissue\/\">Entry into force of H\u00e9ma&amp;#8209;Qu\u00e9bec&#8217;s sole human tissue distributor mandate on December 2, 2024<\/a><\/li>\n<\/ul><\/li>\n\t<li><strong class=\"wsp-category-title\"><a href=\"https:\/\/catalogue-tissushumains.wp.vortexdev.com\/en\/category\/press-release-en\/\">Communiqu\u00e9<\/a><\/strong>\n<\/li>\n\t<li><strong class=\"wsp-category-title\"><a href=\"https:\/\/catalogue-tissushumains.wp.vortexdev.com\/en\/category\/event-en\/\">\u00c9v\u00e9nement<\/a><\/strong>\n<ul class=\"wsp-posts-list\">\t\t<li class=\"wsp-post\"><a href=\"https:\/\/catalogue-tissushumains.wp.vortexdev.com\/en\/hema%e2%80%91quebec-at-the-acveq-vascular-meetings\/\">H\u00e9ma\u2011Qu\u00e9bec at the 2026 ACVEQ Vascular Meetings<\/a><\/li>\n<\/ul><\/li>\n\t<li><strong class=\"wsp-category-title\"><a href=\"https:\/\/catalogue-tissushumains.wp.vortexdev.com\/en\/category\/events\/\">Events<\/a><\/strong>\n<ul class=\"wsp-posts-list\">\t\t<li class=\"wsp-post\"><a href=\"https:\/\/catalogue-tissushumains.wp.vortexdev.com\/en\/hema-quebec-at-the-ascpeq-annual-conference\/\">H\u00e9ma-Qu\u00e9bec at the 2026 ASCPEQ Annual Conference<\/a><\/li>\n\t\t<li class=\"wsp-post\"><a href=\"https:\/\/catalogue-tissushumains.wp.vortexdev.com\/en\/webinaire-informatif-th\/\">Informative webinar on human tissues | A complete update<\/a><\/li>\n\t\t<li class=\"wsp-post\"><a href=\"https:\/\/catalogue-tissushumains.wp.vortexdev.com\/en\/2025-aoq-annual-update\/\">H\u00e9ma-Qu\u00e9bec at the 2025 Annual Update of the Association d&#8217;orthop\u00e9die du Qu\u00e9bec (AOQ)<\/a><\/li>\n\t\t<li class=\"wsp-post\"><a href=\"https:\/\/catalogue-tissushumains.wp.vortexdev.com\/en\/hema-quebec-will-be-at-the-43rd-annual-acveq-vascular-meetings\/\">H\u00e9ma-Qu\u00e9bec at the 43rd ACVEQ Annual Conference<\/a><\/li>\n\t\t<li class=\"wsp-post\"><a href=\"https:\/\/catalogue-tissushumains.wp.vortexdev.com\/en\/hema8209quebec-at-the-mise-a-jour-annuelle-association-dorthopedie-du-quebec\/\">H\u00e9ma&amp;#8209;Qu\u00e9bec at the Mise \u00e0 jour annuelle \u2013 Association d\u2019orthop\u00e9die du Qu\u00e9bec<\/a><\/li>\n<\/ul><\/li>\n\t<li><strong class=\"wsp-category-title\"><a href=\"https:\/\/catalogue-tissushumains.wp.vortexdev.com\/en\/category\/transition-phase-2\/\">Transition phase<\/a><\/strong>\n<\/li>\n\t<li><strong class=\"wsp-category-title\"><a href=\"https:\/\/catalogue-tissushumains.wp.vortexdev.com\/en\/category\/video-2\/\">Video<\/a><\/strong>\n<ul class=\"wsp-posts-list\">\t\t<li class=\"wsp-post\"><a href=\"https:\/\/catalogue-tissushumains.wp.vortexdev.com\/en\/a-word-from-dr-marc-germain\/\">A word from Dr. Marc Germain<\/a><\/li>\n<\/ul><\/li>\n<\/ul>\n<\/div>\n<\/div>\n<\/div>\n","protected":false},"excerpt":{"rendered":"","protected":false},"author":1,"featured_media":0,"parent":0,"menu_order":0,"comment_status":"closed","ping_status":"closed","template":"","meta":{"_acf_changed":false,"_relevanssi_hide_post":"","_relevanssi_hide_content":"","_relevanssi_pin_for_all":"","_relevanssi_pin_keywords":"","_relevanssi_unpin_keywords":"","_relevanssi_related_keywords":"","_relevanssi_related_include_ids":"","_relevanssi_related_exclude_ids":"","_relevanssi_related_no_append":"","_relevanssi_related_not_related":"","_relevanssi_related_posts":"1082,2645,2655,2649,2647,2653","_relevanssi_noindex_reason":"","footnotes":""},"class_list":["post-2893","page","type-page","status-publish","hentry"],"acf":[],"_links":{"self":[{"href":"https:\/\/catalogue-tissushumains.wp.vortexdev.com\/en\/wp-json\/wp\/v2\/pages\/2893","targetHints":{"allow":["GET"]}}],"collection":[{"href":"https:\/\/catalogue-tissushumains.wp.vortexdev.com\/en\/wp-json\/wp\/v2\/pages"}],"about":[{"href":"https:\/\/catalogue-tissushumains.wp.vortexdev.com\/en\/wp-json\/wp\/v2\/types\/page"}],"author":[{"embeddable":true,"href":"https:\/\/catalogue-tissushumains.wp.vortexdev.com\/en\/wp-json\/wp\/v2\/users\/1"}],"replies":[{"embeddable":true,"href":"https:\/\/catalogue-tissushumains.wp.vortexdev.com\/en\/wp-json\/wp\/v2\/comments?post=2893"}],"version-history":[{"count":1,"href":"https:\/\/catalogue-tissushumains.wp.vortexdev.com\/en\/wp-json\/wp\/v2\/pages\/2893\/revisions"}],"predecessor-version":[{"id":2894,"href":"https:\/\/catalogue-tissushumains.wp.vortexdev.com\/en\/wp-json\/wp\/v2\/pages\/2893\/revisions\/2894"}],"wp:attachment":[{"href":"https:\/\/catalogue-tissushumains.wp.vortexdev.com\/en\/wp-json\/wp\/v2\/media?parent=2893"}],"curies":[{"name":"wp","href":"https:\/\/api.w.org\/{rel}","templated":true}]}}